{"id":28,"date":"2023-05-25T15:24:43","date_gmt":"2023-05-25T15:24:43","guid":{"rendered":"https:\/\/labs.100x100.net\/projects\/amedical\/?page_id=28"},"modified":"2023-10-17T14:17:29","modified_gmt":"2023-10-17T14:17:29","slug":"magnetoterapia","status":"publish","type":"page","link":"https:\/\/amedicalservice.es\/ca\/magnetoterapia\/","title":{"rendered":"Magnetoter\u00e0pia"},"content":{"rendered":"","protected":false},"excerpt":{"rendered":"","protected":false},"author":1,"featured_media":0,"parent":0,"menu_order":0,"comment_status":"closed","ping_status":"closed","template":"page-magnetoterapia.php","meta":{"footnotes":""},"acf":[],"yoast_head":"<!-- This site is optimized with the Yoast SEO plugin v21.4 - https:\/\/yoast.com\/wordpress\/plugins\/seo\/ -->\n<title>Lloguer d&#039;equips de rehabilitaci\u00f3 de magnetoterapia.<\/title>\n<meta name=\"description\" content=\"Lloguer d&#039;equips de rehabilitaci\u00f3 de magnetoterapia. Artritis - Artrosi - Artrosi Cervical - Artrosi Vertebral - Bursitis - Ci\u00e0tica - Cervic\u00e0lgies - Condritis - Condropatia Rotuliana - Contractures Musculars - Coxartrosis - Esguin\u00e7ament Muscular - Discopaties - Distorsions - Dolors Articulars - Dolors Musculars - Dolors Vertebrals - Malaltia Reum\u00e0tica Entesitis - Epicondilitis - Epitrocle\u00eftis - Fasc\u00eftis Plantars - Fractures - Gonartrosis - Inflamacions Articulars - Lumb\u00e0lgia - Lumbociat\u00e0lgia Luxacions - Metatars\u00e0lgies - Neur\u00e0lgia Articulars - Osteoporosi - Omarthritis - Omartrosis - Periartritis Escr\u00e0pula - Poliartitis - Rizartrosis - Pseudoartrosi - Tal\u00e0lgia - Tendinitis - Tendinopaties - Tenosinovitis \u2013 Torticoli\" \/>\n<meta name=\"robots\" content=\"index, follow, max-snippet:-1, max-image-preview:large, max-video-preview:-1\" \/>\n<link rel=\"canonical\" href=\"https:\/\/www.amedicalservice.es\/ca\/magnetoterapia\/\" \/>\n<meta property=\"og:locale\" content=\"ca_ES\" \/>\n<meta property=\"og:type\" content=\"article\" \/>\n<meta property=\"og:title\" content=\"Lloguer d&#039;equips de rehabilitaci\u00f3 de magnetoterapia.\" \/>\n<meta property=\"og:description\" content=\"Lloguer d&#039;equips de rehabilitaci\u00f3 de magnetoterapia. Artritis - Artrosi - Artrosi Cervical - Artrosi Vertebral - Bursitis - Ci\u00e0tica - Cervic\u00e0lgies - Condritis - Condropatia Rotuliana - Contractures Musculars - Coxartrosis - Esguin\u00e7ament Muscular - Discopaties - Distorsions - Dolors Articulars - Dolors Musculars - Dolors Vertebrals - Malaltia Reum\u00e0tica Entesitis - Epicondilitis - Epitrocle\u00eftis - Fasc\u00eftis Plantars - Fractures - Gonartrosis - Inflamacions Articulars - Lumb\u00e0lgia - Lumbociat\u00e0lgia Luxacions - Metatars\u00e0lgies - Neur\u00e0lgia Articulars - Osteoporosi - Omarthritis - Omartrosis - Periartritis Escr\u00e0pula - Poliartitis - Rizartrosis - Pseudoartrosi - Tal\u00e0lgia - Tendinitis - Tendinopaties - Tenosinovitis \u2013 Torticoli\" \/>\n<meta property=\"og:url\" content=\"https:\/\/www.amedicalservice.es\/ca\/magnetoterapia\/\" \/>\n<meta property=\"og:site_name\" content=\"AMedical Service\" \/>\n<meta property=\"article:modified_time\" content=\"2023-10-17T14:17:29+00:00\" \/>\n<meta name=\"twitter:card\" content=\"summary_large_image\" \/>\n<script type=\"application\/ld+json\" class=\"yoast-schema-graph\">{\"@context\":\"https:\/\/schema.org\",\"@graph\":[{\"@type\":\"WebPage\",\"@id\":\"https:\/\/www.amedicalservice.es\/ca\/magnetoterapia\/\",\"url\":\"https:\/\/www.amedicalservice.es\/ca\/magnetoterapia\/\",\"name\":\"Lloguer d'equips de rehabilitaci\u00f3 de magnetoterapia.\",\"isPartOf\":{\"@id\":\"https:\/\/www.amedicalservice.es\/#website\"},\"datePublished\":\"2023-05-25T15:24:43+00:00\",\"dateModified\":\"2023-10-17T14:17:29+00:00\",\"description\":\"Lloguer d'equips de rehabilitaci\u00f3 de magnetoterapia. Artritis - Artrosi - Artrosi Cervical - Artrosi Vertebral - Bursitis - Ci\u00e0tica - Cervic\u00e0lgies - Condritis - Condropatia Rotuliana - Contractures Musculars - Coxartrosis - Esguin\u00e7ament Muscular - Discopaties - Distorsions - Dolors Articulars - Dolors Musculars - Dolors Vertebrals - Malaltia Reum\u00e0tica Entesitis - Epicondilitis - Epitrocle\u00eftis - Fasc\u00eftis Plantars - Fractures - Gonartrosis - Inflamacions Articulars - Lumb\u00e0lgia - Lumbociat\u00e0lgia Luxacions - Metatars\u00e0lgies - Neur\u00e0lgia Articulars - Osteoporosi - Omarthritis - Omartrosis - Periartritis Escr\u00e0pula - Poliartitis - Rizartrosis - Pseudoartrosi - Tal\u00e0lgia - Tendinitis - Tendinopaties - Tenosinovitis \u2013 Torticoli\",\"breadcrumb\":{\"@id\":\"https:\/\/www.amedicalservice.es\/ca\/magnetoterapia\/#breadcrumb\"},\"inLanguage\":\"ca\",\"potentialAction\":[{\"@type\":\"ReadAction\",\"target\":[\"https:\/\/www.amedicalservice.es\/ca\/magnetoterapia\/\"]}]},{\"@type\":\"BreadcrumbList\",\"@id\":\"https:\/\/www.amedicalservice.es\/ca\/magnetoterapia\/#breadcrumb\",\"itemListElement\":[{\"@type\":\"ListItem\",\"position\":1,\"name\":\"Portada\",\"item\":\"https:\/\/www.amedicalservice.es\/ca\/\"},{\"@type\":\"ListItem\",\"position\":2,\"name\":\"Magnetoter\u00e0pia\"}]},{\"@type\":\"WebSite\",\"@id\":\"https:\/\/www.amedicalservice.es\/#website\",\"url\":\"https:\/\/www.amedicalservice.es\/\",\"name\":\"AMedical Service\",\"description\":\"Otro sitio realizado con WordPress\",\"publisher\":{\"@id\":\"https:\/\/www.amedicalservice.es\/#organization\"},\"potentialAction\":[{\"@type\":\"SearchAction\",\"target\":{\"@type\":\"EntryPoint\",\"urlTemplate\":\"https:\/\/www.amedicalservice.es\/?s={search_term_string}\"},\"query-input\":\"required name=search_term_string\"}],\"inLanguage\":\"ca\"},{\"@type\":\"Organization\",\"@id\":\"https:\/\/www.amedicalservice.es\/#organization\",\"name\":\"AMedical Service\",\"url\":\"https:\/\/www.amedicalservice.es\/\",\"logo\":{\"@type\":\"ImageObject\",\"inLanguage\":\"ca\",\"@id\":\"https:\/\/www.amedicalservice.es\/#\/schema\/logo\/image\/\",\"url\":\"https:\/\/hundreds-wordpress-uploads.s3.amazonaws.com\/amedical\/uploads\/2023\/10\/amedical_logo.png\",\"contentUrl\":\"https:\/\/hundreds-wordpress-uploads.s3.amazonaws.com\/amedical\/uploads\/2023\/10\/amedical_logo.png\",\"width\":1280,\"height\":199,\"caption\":\"AMedical Service\"},\"image\":{\"@id\":\"https:\/\/www.amedicalservice.es\/#\/schema\/logo\/image\/\"},\"sameAs\":[\"https:\/\/www.instagram.com\/amedicalservice\"]}]}<\/script>\n<!-- \/ Yoast SEO plugin. -->","yoast_head_json":{"title":"Lloguer d'equips de rehabilitaci\u00f3 de magnetoterapia.","description":"Lloguer d'equips de rehabilitaci\u00f3 de magnetoterapia. Artritis - Artrosi - Artrosi Cervical - Artrosi Vertebral - Bursitis - Ci\u00e0tica - Cervic\u00e0lgies - Condritis - Condropatia Rotuliana - Contractures Musculars - Coxartrosis - Esguin\u00e7ament Muscular - Discopaties - Distorsions - Dolors Articulars - Dolors Musculars - Dolors Vertebrals - Malaltia Reum\u00e0tica Entesitis - Epicondilitis - Epitrocle\u00eftis - Fasc\u00eftis Plantars - Fractures - Gonartrosis - Inflamacions Articulars - Lumb\u00e0lgia - Lumbociat\u00e0lgia Luxacions - Metatars\u00e0lgies - Neur\u00e0lgia Articulars - Osteoporosi - Omarthritis - Omartrosis - Periartritis Escr\u00e0pula - Poliartitis - Rizartrosis - Pseudoartrosi - Tal\u00e0lgia - Tendinitis - Tendinopaties - Tenosinovitis \u2013 Torticoli","robots":{"index":"index","follow":"follow","max-snippet":"max-snippet:-1","max-image-preview":"max-image-preview:large","max-video-preview":"max-video-preview:-1"},"canonical":"https:\/\/www.amedicalservice.es\/ca\/magnetoterapia\/","og_locale":"ca_ES","og_type":"article","og_title":"Lloguer d'equips de rehabilitaci\u00f3 de magnetoterapia.","og_description":"Lloguer d'equips de rehabilitaci\u00f3 de magnetoterapia. Artritis - Artrosi - Artrosi Cervical - Artrosi Vertebral - Bursitis - Ci\u00e0tica - Cervic\u00e0lgies - Condritis - Condropatia Rotuliana - Contractures Musculars - Coxartrosis - Esguin\u00e7ament Muscular - Discopaties - Distorsions - Dolors Articulars - Dolors Musculars - Dolors Vertebrals - Malaltia Reum\u00e0tica Entesitis - Epicondilitis - Epitrocle\u00eftis - Fasc\u00eftis Plantars - Fractures - Gonartrosis - Inflamacions Articulars - Lumb\u00e0lgia - Lumbociat\u00e0lgia Luxacions - Metatars\u00e0lgies - Neur\u00e0lgia Articulars - Osteoporosi - Omarthritis - Omartrosis - Periartritis Escr\u00e0pula - Poliartitis - Rizartrosis - Pseudoartrosi - Tal\u00e0lgia - Tendinitis - Tendinopaties - Tenosinovitis \u2013 Torticoli","og_url":"https:\/\/www.amedicalservice.es\/ca\/magnetoterapia\/","og_site_name":"AMedical Service","article_modified_time":"2023-10-17T14:17:29+00:00","twitter_card":"summary_large_image","schema":{"@context":"https:\/\/schema.org","@graph":[{"@type":"WebPage","@id":"https:\/\/www.amedicalservice.es\/ca\/magnetoterapia\/","url":"https:\/\/www.amedicalservice.es\/ca\/magnetoterapia\/","name":"Lloguer d'equips de rehabilitaci\u00f3 de magnetoterapia.","isPartOf":{"@id":"https:\/\/www.amedicalservice.es\/#website"},"datePublished":"2023-05-25T15:24:43+00:00","dateModified":"2023-10-17T14:17:29+00:00","description":"Lloguer d'equips de rehabilitaci\u00f3 de magnetoterapia. Artritis - Artrosi - Artrosi Cervical - Artrosi Vertebral - Bursitis - Ci\u00e0tica - Cervic\u00e0lgies - Condritis - Condropatia Rotuliana - Contractures Musculars - Coxartrosis - Esguin\u00e7ament Muscular - Discopaties - Distorsions - Dolors Articulars - Dolors Musculars - Dolors Vertebrals - Malaltia Reum\u00e0tica Entesitis - Epicondilitis - Epitrocle\u00eftis - Fasc\u00eftis Plantars - Fractures - Gonartrosis - Inflamacions Articulars - Lumb\u00e0lgia - Lumbociat\u00e0lgia Luxacions - Metatars\u00e0lgies - Neur\u00e0lgia Articulars - Osteoporosi - Omarthritis - Omartrosis - Periartritis Escr\u00e0pula - Poliartitis - Rizartrosis - Pseudoartrosi - Tal\u00e0lgia - Tendinitis - Tendinopaties - Tenosinovitis \u2013 Torticoli","breadcrumb":{"@id":"https:\/\/www.amedicalservice.es\/ca\/magnetoterapia\/#breadcrumb"},"inLanguage":"ca","potentialAction":[{"@type":"ReadAction","target":["https:\/\/www.amedicalservice.es\/ca\/magnetoterapia\/"]}]},{"@type":"BreadcrumbList","@id":"https:\/\/www.amedicalservice.es\/ca\/magnetoterapia\/#breadcrumb","itemListElement":[{"@type":"ListItem","position":1,"name":"Portada","item":"https:\/\/www.amedicalservice.es\/ca\/"},{"@type":"ListItem","position":2,"name":"Magnetoter\u00e0pia"}]},{"@type":"WebSite","@id":"https:\/\/www.amedicalservice.es\/#website","url":"https:\/\/www.amedicalservice.es\/","name":"AMedical Service","description":"Otro sitio realizado con WordPress","publisher":{"@id":"https:\/\/www.amedicalservice.es\/#organization"},"potentialAction":[{"@type":"SearchAction","target":{"@type":"EntryPoint","urlTemplate":"https:\/\/www.amedicalservice.es\/?s={search_term_string}"},"query-input":"required name=search_term_string"}],"inLanguage":"ca"},{"@type":"Organization","@id":"https:\/\/www.amedicalservice.es\/#organization","name":"AMedical Service","url":"https:\/\/www.amedicalservice.es\/","logo":{"@type":"ImageObject","inLanguage":"ca","@id":"https:\/\/www.amedicalservice.es\/#\/schema\/logo\/image\/","url":"https:\/\/hundreds-wordpress-uploads.s3.amazonaws.com\/amedical\/uploads\/2023\/10\/amedical_logo.png","contentUrl":"https:\/\/hundreds-wordpress-uploads.s3.amazonaws.com\/amedical\/uploads\/2023\/10\/amedical_logo.png","width":1280,"height":199,"caption":"AMedical Service"},"image":{"@id":"https:\/\/www.amedicalservice.es\/#\/schema\/logo\/image\/"},"sameAs":["https:\/\/www.instagram.com\/amedicalservice"]}]}},"_links":{"self":[{"href":"https:\/\/amedicalservice.es\/ca\/wp-json\/wp\/v2\/pages\/28"}],"collection":[{"href":"https:\/\/amedicalservice.es\/ca\/wp-json\/wp\/v2\/pages"}],"about":[{"href":"https:\/\/amedicalservice.es\/ca\/wp-json\/wp\/v2\/types\/page"}],"author":[{"embeddable":true,"href":"https:\/\/amedicalservice.es\/ca\/wp-json\/wp\/v2\/users\/1"}],"replies":[{"embeddable":true,"href":"https:\/\/amedicalservice.es\/ca\/wp-json\/wp\/v2\/comments?post=28"}],"version-history":[{"count":6,"href":"https:\/\/amedicalservice.es\/ca\/wp-json\/wp\/v2\/pages\/28\/revisions"}],"predecessor-version":[{"id":83,"href":"https:\/\/amedicalservice.es\/ca\/wp-json\/wp\/v2\/pages\/28\/revisions\/83"}],"wp:attachment":[{"href":"https:\/\/amedicalservice.es\/ca\/wp-json\/wp\/v2\/media?parent=28"}],"curies":[{"name":"wp","href":"https:\/\/api.w.org\/{rel}","templated":true}]}}