{"id":22,"date":"2023-05-25T15:23:42","date_gmt":"2023-05-25T15:23:42","guid":{"rendered":"https:\/\/labs.100x100.net\/projects\/amedical\/?page_id=22"},"modified":"2023-11-07T10:14:24","modified_gmt":"2023-11-07T10:14:24","slug":"avis-legal","status":"publish","type":"page","link":"https:\/\/amedicalservice.es\/ca\/avis-legal\/","title":{"rendered":"Av\u00eds legal"},"content":{"rendered":"<p>AMEDICAL. compleix amb els requisits establerts en la normativa actual sobre Protecci\u00f3 de Dades de Car\u00e0cter Personal i Comer\u00e7 Electr\u00f2nic. A tal fi, ha creat el seg\u00fcent Av\u00eds Legal:<\/p>\n<h3>Informaci\u00f3<\/h3>\n<p>Denominaci\u00f3 social AMEDICAL.. Nom de domini:www.amedicalservice.es<\/p>\n<p>Dades de contacte<\/p>\n<p>Direcci\u00f3n: C\/Parcerisa 24 Barcelona 08014<br \/>\nTel.: (+34) 653 120 940<br \/>\nE-mail: <a href=\"mailto:info@amedicalservice.es\">info@amedicalservice.es<\/a><\/p>\n<h3>Condicions generals d\u2019\u00fas<\/h3>\n<p>Tota persona que accedeixi a aquest lloc web assumeix el paper d\u2019Usuari, comprometent-se a l\u2019observan\u00e7a i compliment rigor\u00f3s de les disposicions aqu\u00ed disposades, aix\u00ed com a qualsevol altra disposici\u00f3 legal que fos aplicable.<\/p>\n<p>AMEDICAL.. es reserva el dret a modificar qualsevol tipus d\u2019informaci\u00f3 que pogu\u00e9s apar\u00e8ixer en el lloc web, sense que existeixi obligaci\u00f3 de preavisar o posar en coneixement dels Usuaris aquestes obligacions, entenent-se com a suficient amb la publicaci\u00f3 en el seu lloc web.<\/p>\n<p>L\u2019usuari accepta plenament i sense reserves les disposicions incloses en aquest Av\u00eds Legal, en la versi\u00f3 publicada per AMEDICAL.. en el moment mateix que l\u2019Usuari accedeixi al lloc web.<\/p>\n<p>El lloc web pot ser visitat lliurement i l\u2019Usuari es compromet a utilitzar els seus continguts i serveis de conformitat amb la llei, la moral, els bons costums i el present Av\u00eds Legal. A aquest efecte, l\u2019Usuari s\u2019abstindr\u00e0 d\u2019utilitzar el lloc web amb finalitats o efectes il\u00b7l\u00edcits, prohibits i lesius dels drets i interessos de tercers.<\/p>\n<p>AMEDICAL.. no es responsabilitza dels errors o omissions, dels continguts del lloc web ni d\u2019altres continguts als quals es pugui accedir a trav\u00e9s d\u2019aquest, ni dels danys derivats de la utilitzaci\u00f3 del lloc web, ni per qualsevol actuaci\u00f3 realitzada sobre la base de la informaci\u00f3 que en ella es facilita.<\/p>\n<p>AMEDICAL.. ni garanteix l\u2019abs\u00e8ncia de virus o altres elements lesius, que poguessin causar danys o alteracions en el sistema inform\u00e0tic, en els documents electr\u00f2nics o en els fitxers de l\u2019usuari del lloc web; ni respon dels danys i perjudicis que tals elements poguessin ocasionar a l\u2019Usuari o tercers.<\/p>\n<p>El lloc web t\u00e9 car\u00e0cter informatiu, per la qual cosa el seu contingut podr\u00e0 ser modificat, ampliat o suprimit en qualsevol moment, sense previ av\u00eds.<\/p>\n<p>AMEDICAL.. es reserva el dret d\u2019actualitzar els continguts del lloc web i\/o d\u2019eliminar-los, aix\u00ed com de limitar i impedir l\u2019acc\u00e9s a aquests, ja sigui temporal o definitivament, sense pr\u00e8via notificaci\u00f3.<\/p>\n<h3>Drets de propietat intel\u00b7lectual i industrial<\/h3>\n<p>Tots els drets de propietat intel\u00b7lectual i\/o industrial del lloc web i de tots els seus continguts (textos, imatges, dissenys, creativitats, programari, codi font, fragment d\u2019\u00e0udio, programes inform\u00e0tics, desc\u00e0rregues digitals, bases de dades, noms comercials, marques, logotips, i\/o qualsevol altre signe distintiu, etc.) que formin o hagin format part del mateix en algun moment, estan protegits per Llei i pertanyen a AMEDICAL..<\/p>\n<p>En cap cas s\u2019entendr\u00e0 que l\u2019acc\u00e9s i \u00fas del lloc web implica la ren\u00fancia, transmissi\u00f3, llic\u00e8ncia, cessi\u00f3, total ni parcial, ni autoritzaci\u00f3 de cap classe, per a l\u2019explotaci\u00f3, reproducci\u00f3, comunicaci\u00f3 p\u00fablica, difusi\u00f3, divulgaci\u00f3 i\/o transformaci\u00f3 ni del lloc web, ni dels seus continguts, entesos amb l\u2019amplitud assenyalada en el punt anterior, ni tampoc dels drets de propietat intel\u00b7lectual i\/o industrial inherents a aquests.<\/p>\n<h3>Enlla\u00e7os<\/h3>\n<p>L\u2019empresa no assumeix cap responsabilitat sobre el contingut, informaci\u00f3 o serveis que puguin oferir els enlla\u00e7os que es presenten en el nostre lloc web, i que tenen car\u00e0cter merament informatiu.<\/p>\n<h3>Legislaci\u00f3 aplicable:<\/h3>\n<p>La present Web es regeix per la legislaci\u00f3 espanyola.<\/p>\n","protected":false},"excerpt":{"rendered":"<p>AMEDICAL. compleix amb els requisits establerts en la normativa actual sobre Protecci\u00f3 de Dades de Car\u00e0cter Personal i Comer\u00e7 Electr\u00f2nic. A tal fi, ha creat el seg\u00fcent Av\u00eds Legal: Informaci\u00f3 Denominaci\u00f3 social AMEDICAL.. Nom de domini:www.amedicalservice.es Dades de contacte Direcci\u00f3n: C\/Parcerisa 24 Barcelona 08014 Tel.: (+34) 653 120 940 E-mail: info@amedicalservice.es Condicions generals d\u2019\u00fas Tota [&hellip;]<\/p>\n","protected":false},"author":1,"featured_media":0,"parent":0,"menu_order":0,"comment_status":"closed","ping_status":"closed","template":"","meta":{"footnotes":""},"acf":[],"yoast_head":"<!-- This site is optimized with the Yoast SEO plugin v21.4 - https:\/\/yoast.com\/wordpress\/plugins\/seo\/ -->\n<title>Av\u00eds legal - AMedical Service<\/title>\n<meta name=\"robots\" content=\"noindex, nofollow\" \/>\n<meta property=\"og:locale\" content=\"ca_ES\" \/>\n<meta property=\"og:type\" content=\"article\" \/>\n<meta property=\"og:title\" content=\"Av\u00eds legal - AMedical Service\" \/>\n<meta property=\"og:description\" content=\"AMEDICAL. compleix amb els requisits establerts en la normativa actual sobre Protecci\u00f3 de Dades de Car\u00e0cter Personal i Comer\u00e7 Electr\u00f2nic. A tal fi, ha creat el seg\u00fcent Av\u00eds Legal: Informaci\u00f3 Denominaci\u00f3 social AMEDICAL.. Nom de domini:www.amedicalservice.es Dades de contacte Direcci\u00f3n: C\/Parcerisa 24 Barcelona 08014 Tel.: (+34) 653 120 940 E-mail: info@amedicalservice.es Condicions generals d\u2019\u00fas Tota [&hellip;]\" \/>\n<meta property=\"og:url\" content=\"https:\/\/www.amedicalservice.es\/ca\/avis-legal\/\" \/>\n<meta property=\"og:site_name\" content=\"AMedical Service\" \/>\n<meta property=\"article:modified_time\" content=\"2023-11-07T10:14:24+00:00\" \/>\n<meta name=\"twitter:card\" content=\"summary_large_image\" \/>\n<meta name=\"twitter:label1\" content=\"Est. reading time\" \/>\n\t<meta name=\"twitter:data1\" content=\"3 minutes\" \/>\n<script type=\"application\/ld+json\" class=\"yoast-schema-graph\">{\"@context\":\"https:\/\/schema.org\",\"@graph\":[{\"@type\":\"WebPage\",\"@id\":\"https:\/\/www.amedicalservice.es\/ca\/avis-legal\/\",\"url\":\"https:\/\/www.amedicalservice.es\/ca\/avis-legal\/\",\"name\":\"Av\u00eds legal - AMedical Service\",\"isPartOf\":{\"@id\":\"https:\/\/www.amedicalservice.es\/#website\"},\"datePublished\":\"2023-05-25T15:23:42+00:00\",\"dateModified\":\"2023-11-07T10:14:24+00:00\",\"breadcrumb\":{\"@id\":\"https:\/\/www.amedicalservice.es\/ca\/avis-legal\/#breadcrumb\"},\"inLanguage\":\"ca\",\"potentialAction\":[{\"@type\":\"ReadAction\",\"target\":[\"https:\/\/www.amedicalservice.es\/ca\/avis-legal\/\"]}]},{\"@type\":\"BreadcrumbList\",\"@id\":\"https:\/\/www.amedicalservice.es\/ca\/avis-legal\/#breadcrumb\",\"itemListElement\":[{\"@type\":\"ListItem\",\"position\":1,\"name\":\"Portada\",\"item\":\"https:\/\/www.amedicalservice.es\/ca\/\"},{\"@type\":\"ListItem\",\"position\":2,\"name\":\"Av\u00eds legal\"}]},{\"@type\":\"WebSite\",\"@id\":\"https:\/\/www.amedicalservice.es\/#website\",\"url\":\"https:\/\/www.amedicalservice.es\/\",\"name\":\"AMedical Service\",\"description\":\"Otro sitio realizado con WordPress\",\"publisher\":{\"@id\":\"https:\/\/www.amedicalservice.es\/#organization\"},\"potentialAction\":[{\"@type\":\"SearchAction\",\"target\":{\"@type\":\"EntryPoint\",\"urlTemplate\":\"https:\/\/www.amedicalservice.es\/?s={search_term_string}\"},\"query-input\":\"required name=search_term_string\"}],\"inLanguage\":\"ca\"},{\"@type\":\"Organization\",\"@id\":\"https:\/\/www.amedicalservice.es\/#organization\",\"name\":\"AMedical Service\",\"url\":\"https:\/\/www.amedicalservice.es\/\",\"logo\":{\"@type\":\"ImageObject\",\"inLanguage\":\"ca\",\"@id\":\"https:\/\/www.amedicalservice.es\/#\/schema\/logo\/image\/\",\"url\":\"https:\/\/hundreds-wordpress-uploads.s3.amazonaws.com\/amedical\/uploads\/2023\/10\/amedical_logo.png\",\"contentUrl\":\"https:\/\/hundreds-wordpress-uploads.s3.amazonaws.com\/amedical\/uploads\/2023\/10\/amedical_logo.png\",\"width\":1280,\"height\":199,\"caption\":\"AMedical Service\"},\"image\":{\"@id\":\"https:\/\/www.amedicalservice.es\/#\/schema\/logo\/image\/\"},\"sameAs\":[\"https:\/\/www.instagram.com\/amedicalservice\"]}]}<\/script>\n<!-- \/ Yoast SEO plugin. -->","yoast_head_json":{"title":"Av\u00eds legal - AMedical Service","robots":{"index":"noindex","follow":"nofollow"},"og_locale":"ca_ES","og_type":"article","og_title":"Av\u00eds legal - AMedical Service","og_description":"AMEDICAL. compleix amb els requisits establerts en la normativa actual sobre Protecci\u00f3 de Dades de Car\u00e0cter Personal i Comer\u00e7 Electr\u00f2nic. A tal fi, ha creat el seg\u00fcent Av\u00eds Legal: Informaci\u00f3 Denominaci\u00f3 social AMEDICAL.. Nom de domini:www.amedicalservice.es Dades de contacte Direcci\u00f3n: C\/Parcerisa 24 Barcelona 08014 Tel.: (+34) 653 120 940 E-mail: info@amedicalservice.es Condicions generals d\u2019\u00fas Tota [&hellip;]","og_url":"https:\/\/www.amedicalservice.es\/ca\/avis-legal\/","og_site_name":"AMedical Service","article_modified_time":"2023-11-07T10:14:24+00:00","twitter_card":"summary_large_image","twitter_misc":{"Est. reading time":"3 minutes"},"schema":{"@context":"https:\/\/schema.org","@graph":[{"@type":"WebPage","@id":"https:\/\/www.amedicalservice.es\/ca\/avis-legal\/","url":"https:\/\/www.amedicalservice.es\/ca\/avis-legal\/","name":"Av\u00eds legal - AMedical Service","isPartOf":{"@id":"https:\/\/www.amedicalservice.es\/#website"},"datePublished":"2023-05-25T15:23:42+00:00","dateModified":"2023-11-07T10:14:24+00:00","breadcrumb":{"@id":"https:\/\/www.amedicalservice.es\/ca\/avis-legal\/#breadcrumb"},"inLanguage":"ca","potentialAction":[{"@type":"ReadAction","target":["https:\/\/www.amedicalservice.es\/ca\/avis-legal\/"]}]},{"@type":"BreadcrumbList","@id":"https:\/\/www.amedicalservice.es\/ca\/avis-legal\/#breadcrumb","itemListElement":[{"@type":"ListItem","position":1,"name":"Portada","item":"https:\/\/www.amedicalservice.es\/ca\/"},{"@type":"ListItem","position":2,"name":"Av\u00eds legal"}]},{"@type":"WebSite","@id":"https:\/\/www.amedicalservice.es\/#website","url":"https:\/\/www.amedicalservice.es\/","name":"AMedical Service","description":"Otro sitio realizado con WordPress","publisher":{"@id":"https:\/\/www.amedicalservice.es\/#organization"},"potentialAction":[{"@type":"SearchAction","target":{"@type":"EntryPoint","urlTemplate":"https:\/\/www.amedicalservice.es\/?s={search_term_string}"},"query-input":"required name=search_term_string"}],"inLanguage":"ca"},{"@type":"Organization","@id":"https:\/\/www.amedicalservice.es\/#organization","name":"AMedical Service","url":"https:\/\/www.amedicalservice.es\/","logo":{"@type":"ImageObject","inLanguage":"ca","@id":"https:\/\/www.amedicalservice.es\/#\/schema\/logo\/image\/","url":"https:\/\/hundreds-wordpress-uploads.s3.amazonaws.com\/amedical\/uploads\/2023\/10\/amedical_logo.png","contentUrl":"https:\/\/hundreds-wordpress-uploads.s3.amazonaws.com\/amedical\/uploads\/2023\/10\/amedical_logo.png","width":1280,"height":199,"caption":"AMedical Service"},"image":{"@id":"https:\/\/www.amedicalservice.es\/#\/schema\/logo\/image\/"},"sameAs":["https:\/\/www.instagram.com\/amedicalservice"]}]}},"_links":{"self":[{"href":"https:\/\/amedicalservice.es\/ca\/wp-json\/wp\/v2\/pages\/22"}],"collection":[{"href":"https:\/\/amedicalservice.es\/ca\/wp-json\/wp\/v2\/pages"}],"about":[{"href":"https:\/\/amedicalservice.es\/ca\/wp-json\/wp\/v2\/types\/page"}],"author":[{"embeddable":true,"href":"https:\/\/amedicalservice.es\/ca\/wp-json\/wp\/v2\/users\/1"}],"replies":[{"embeddable":true,"href":"https:\/\/amedicalservice.es\/ca\/wp-json\/wp\/v2\/comments?post=22"}],"version-history":[{"count":4,"href":"https:\/\/amedicalservice.es\/ca\/wp-json\/wp\/v2\/pages\/22\/revisions"}],"predecessor-version":[{"id":103,"href":"https:\/\/amedicalservice.es\/ca\/wp-json\/wp\/v2\/pages\/22\/revisions\/103"}],"wp:attachment":[{"href":"https:\/\/amedicalservice.es\/ca\/wp-json\/wp\/v2\/media?parent=22"}],"curies":[{"name":"wp","href":"https:\/\/api.w.org\/{rel}","templated":true}]}}