{"id":113,"date":"2023-12-11T14:20:23","date_gmt":"2023-12-11T14:20:23","guid":{"rendered":"https:\/\/www.amedicalservice.es\/?page_id=113"},"modified":"2023-12-11T14:20:23","modified_gmt":"2023-12-11T14:20:23","slug":"declaracio-daccessibilitat","status":"publish","type":"page","link":"https:\/\/amedicalservice.es\/ca\/declaracio-daccessibilitat\/","title":{"rendered":"Declaraci\u00f3 d&#8217;accessibilitat"},"content":{"rendered":"<p>AMEDICAL s&#8217;ha comprom\u00e8s a fer accessible el vostre lloc web, de conformitat amb el Reial decret 1112\/2018, de 7 de setembre, sobre accessibilitat dels llocs web i aplicacions per a dispositius m\u00f2bils, pel qual es trasposa a l&#8217;ordenament jur\u00eddic espanyol la Directiva (UE) 2016\/2102 del Parlament Europeu i del Consell.<\/p>\n<p>Aquesta declaraci\u00f3 d&#8217;accessibilitat s&#8217;aplica al web www.amedicalservice.es.<\/p>\n<h4 class=\"p1\">Situaci\u00f3 de compliment<\/h4>\n<p>Aquest lloc web est\u00e0 parcialment conforme amb el RD 1112\/2018 a causa de les excepcions i la manca de conformitat dels aspectes que s&#8217;indiquin a continuaci\u00f3.<\/p>\n<h4 class=\"p1\">Contingut no accessible<\/h4>\n<p>El contingut que es recull a continuaci\u00f3 no \u00e9s accessible pel seg\u00fcent:<\/p>\n<ul>\n<li>Falta de conformitat amb el RD 1112\/2018<\/li>\n<li>A causa de l&#8217;automatitzaci\u00f3 d&#8217;algunes de les publicacions podrien haver-hi p\u00e0gines amb un incorrecte anidament d&#8217;etiquetes HTML.<\/li>\n<li>Hi ha documents en format PDF que no compleixen la normativa existint en alguns d&#8217;ells, una alternativa textual HTML que compleix la normativa.<\/li>\n<li>Hi podria haver errors puntuals d&#8217;edici\u00f3 en alguna p\u00e0gina web.<\/li>\n<li>C\u00e0rrega desproporcionada.<\/li>\n<li>No aplica.<\/li>\n<li>Contingut que no entra a l&#8217;\u00e0mbit de la legislaci\u00f3 aplicable<\/li>\n<li>Fitxers ofim\u00e0tics en PDF o altres formats, aix\u00ed com aplicacions publicades abans del 20 de setembre del 2018 que no compleixin totalment tots els requisits d&#8217;accessibilitat.<\/li>\n<li>Continguts multim\u00e8dia en directe.<\/li>\n<li>Contingut multim\u00e8dia pregravat de base temporal del ple i rodes de premsa, o publicat abans de l&#8217;entrada en vigor del Reial decret.<\/li>\n<li>Serveis de mapa i cartografia en l\u00ednia.<\/li>\n<\/ul>\n<p><strong>Preparaci\u00f3 d&#8217;aquesta declaraci\u00f3 d&#8217;accessibilitat<\/strong><\/p>\n<p>Aquesta declaraci\u00f3 va ser preparada l&#8217;11 d&#8217;abril del 2023 i es basa en els informes d&#8217;accessibilitat web de l&#8217;Observatori d&#8217;Accessibilitat.<\/p>\n<h4 class=\"p1\">Observacions i dades de contacte<\/h4>\n<p>Podeu realitzar comunicacions sobre requisits d&#8217;accessibilitat (article 10.2 del RD 1112\/2018) com:<\/p>\n<ul>\n<li>informar sobre qualsevol possible incompliment per part d&#8217;aquest lloc web<\/li>\n<li>transmetre altres dificultats d&#8217;acc\u00e9s al contingut<\/li>\n<li>formular qualsevol altra consulta o suggeriment de millora relativa a l&#8217;accessibilitat del lloc web mitjan\u00e7ant el formulari de contacte d&#8217;aquest lloc web<\/li>\n<\/ul>\n<p>Les comunicacions seran rebudes i tractades per AMEDICAL.<\/p>\n<h4 class=\"p1\">Procediment d&#8217;aplicaci\u00f3<\/h4>\n<p>Es posar\u00e0 en marxa un procediment daplicaci\u00f3 adequat i efica\u00e7 al qual sha de rec\u00f3rrer en cas que la resposta a la comunicaci\u00f3 o la sol\u00b7 licitud sigui insatisfact\u00f2ria.<\/p>\n<h4 class=\"p1\">Contingut opcional<\/h4>\n<p>Aquest lloc web:<\/p>\n<p>S&#8217;ha dissenyat adaptant-se als est\u00e0ndards i normatives vigents en relaci\u00f3 a l&#8217;accessibilitat, complint amb els punts de verificaci\u00f3 de prioritat 2 (AA) definits a l&#8217;especificaci\u00f3 de Pautes d&#8217;Accessibilitat al Contingut a la Web (WCAG 2.1).<\/p>\n<p>Compleix els requisits de la Norma UNE-EN 301549 v1.1.2:2015, considerant les excepcions del Reial decret 1112\/2018.<\/p>\n<p>Est\u00e0 dissenyat per a la correcta visualitzaci\u00f3 en dispositius d&#8217;escriptori, tauleta i m\u00f2bils per a una resoluci\u00f3 m\u00ednima de 1280\u00d71024.<\/p>\n<p>S&#8217;ha realitzat utilitzant HTML5 com a llenguatge de marcatge i fulls d&#8217;estil CSS3 per dissenyar-los.<\/p>\n<p>Est\u00e0 dissenyat per utilitzar-lo amb javascript no intrusiu.<\/p>\n","protected":false},"excerpt":{"rendered":"<p>AMEDICAL s&#8217;ha comprom\u00e8s a fer accessible el vostre lloc web, de conformitat amb el Reial decret 1112\/2018, de 7 de setembre, sobre accessibilitat dels llocs web i aplicacions per a dispositius m\u00f2bils, pel qual es trasposa a l&#8217;ordenament jur\u00eddic espanyol la Directiva (UE) 2016\/2102 del Parlament Europeu i del Consell. Aquesta declaraci\u00f3 d&#8217;accessibilitat s&#8217;aplica al [&hellip;]<\/p>\n","protected":false},"author":1,"featured_media":0,"parent":0,"menu_order":0,"comment_status":"closed","ping_status":"closed","template":"","meta":{"footnotes":""},"acf":[],"yoast_head":"<!-- This site is optimized with the Yoast SEO plugin v21.4 - https:\/\/yoast.com\/wordpress\/plugins\/seo\/ -->\n<title>Declaraci\u00f3 d&#039;accessibilitat - AMedical Service<\/title>\n<meta name=\"robots\" content=\"index, follow, max-snippet:-1, max-image-preview:large, max-video-preview:-1\" \/>\n<link rel=\"canonical\" href=\"https:\/\/www.amedicalservice.es\/ca\/declaracio-daccessibilitat\/\" \/>\n<meta property=\"og:locale\" content=\"ca_ES\" \/>\n<meta property=\"og:type\" content=\"article\" \/>\n<meta property=\"og:title\" content=\"Declaraci\u00f3 d&#039;accessibilitat - AMedical Service\" \/>\n<meta property=\"og:description\" content=\"AMEDICAL s&#8217;ha comprom\u00e8s a fer accessible el vostre lloc web, de conformitat amb el Reial decret 1112\/2018, de 7 de setembre, sobre accessibilitat dels llocs web i aplicacions per a dispositius m\u00f2bils, pel qual es trasposa a l&#8217;ordenament jur\u00eddic espanyol la Directiva (UE) 2016\/2102 del Parlament Europeu i del Consell. Aquesta declaraci\u00f3 d&#8217;accessibilitat s&#8217;aplica al [&hellip;]\" \/>\n<meta property=\"og:url\" content=\"https:\/\/www.amedicalservice.es\/ca\/declaracio-daccessibilitat\/\" \/>\n<meta property=\"og:site_name\" content=\"AMedical Service\" \/>\n<meta name=\"twitter:card\" content=\"summary_large_image\" \/>\n<meta name=\"twitter:label1\" content=\"Est. reading time\" \/>\n\t<meta name=\"twitter:data1\" content=\"5 minutes\" \/>\n<script type=\"application\/ld+json\" class=\"yoast-schema-graph\">{\"@context\":\"https:\/\/schema.org\",\"@graph\":[{\"@type\":\"WebPage\",\"@id\":\"https:\/\/www.amedicalservice.es\/ca\/declaracio-daccessibilitat\/\",\"url\":\"https:\/\/www.amedicalservice.es\/ca\/declaracio-daccessibilitat\/\",\"name\":\"Declaraci\u00f3 d'accessibilitat - AMedical Service\",\"isPartOf\":{\"@id\":\"https:\/\/www.amedicalservice.es\/#website\"},\"datePublished\":\"2023-12-11T14:20:23+00:00\",\"dateModified\":\"2023-12-11T14:20:23+00:00\",\"breadcrumb\":{\"@id\":\"https:\/\/www.amedicalservice.es\/ca\/declaracio-daccessibilitat\/#breadcrumb\"},\"inLanguage\":\"ca\",\"potentialAction\":[{\"@type\":\"ReadAction\",\"target\":[\"https:\/\/www.amedicalservice.es\/ca\/declaracio-daccessibilitat\/\"]}]},{\"@type\":\"BreadcrumbList\",\"@id\":\"https:\/\/www.amedicalservice.es\/ca\/declaracio-daccessibilitat\/#breadcrumb\",\"itemListElement\":[{\"@type\":\"ListItem\",\"position\":1,\"name\":\"Portada\",\"item\":\"https:\/\/www.amedicalservice.es\/ca\/\"},{\"@type\":\"ListItem\",\"position\":2,\"name\":\"Declaraci\u00f3 d&#8217;accessibilitat\"}]},{\"@type\":\"WebSite\",\"@id\":\"https:\/\/www.amedicalservice.es\/#website\",\"url\":\"https:\/\/www.amedicalservice.es\/\",\"name\":\"AMedical Service\",\"description\":\"Otro sitio realizado con WordPress\",\"publisher\":{\"@id\":\"https:\/\/www.amedicalservice.es\/#organization\"},\"potentialAction\":[{\"@type\":\"SearchAction\",\"target\":{\"@type\":\"EntryPoint\",\"urlTemplate\":\"https:\/\/www.amedicalservice.es\/?s={search_term_string}\"},\"query-input\":\"required name=search_term_string\"}],\"inLanguage\":\"ca\"},{\"@type\":\"Organization\",\"@id\":\"https:\/\/www.amedicalservice.es\/#organization\",\"name\":\"AMedical Service\",\"url\":\"https:\/\/www.amedicalservice.es\/\",\"logo\":{\"@type\":\"ImageObject\",\"inLanguage\":\"ca\",\"@id\":\"https:\/\/www.amedicalservice.es\/#\/schema\/logo\/image\/\",\"url\":\"https:\/\/hundreds-wordpress-uploads.s3.amazonaws.com\/amedical\/uploads\/2023\/10\/amedical_logo.png\",\"contentUrl\":\"https:\/\/hundreds-wordpress-uploads.s3.amazonaws.com\/amedical\/uploads\/2023\/10\/amedical_logo.png\",\"width\":1280,\"height\":199,\"caption\":\"AMedical Service\"},\"image\":{\"@id\":\"https:\/\/www.amedicalservice.es\/#\/schema\/logo\/image\/\"},\"sameAs\":[\"https:\/\/www.instagram.com\/amedicalservice\"]}]}<\/script>\n<!-- \/ Yoast SEO plugin. -->","yoast_head_json":{"title":"Declaraci\u00f3 d'accessibilitat - AMedical Service","robots":{"index":"index","follow":"follow","max-snippet":"max-snippet:-1","max-image-preview":"max-image-preview:large","max-video-preview":"max-video-preview:-1"},"canonical":"https:\/\/www.amedicalservice.es\/ca\/declaracio-daccessibilitat\/","og_locale":"ca_ES","og_type":"article","og_title":"Declaraci\u00f3 d'accessibilitat - AMedical Service","og_description":"AMEDICAL s&#8217;ha comprom\u00e8s a fer accessible el vostre lloc web, de conformitat amb el Reial decret 1112\/2018, de 7 de setembre, sobre accessibilitat dels llocs web i aplicacions per a dispositius m\u00f2bils, pel qual es trasposa a l&#8217;ordenament jur\u00eddic espanyol la Directiva (UE) 2016\/2102 del Parlament Europeu i del Consell. Aquesta declaraci\u00f3 d&#8217;accessibilitat s&#8217;aplica al [&hellip;]","og_url":"https:\/\/www.amedicalservice.es\/ca\/declaracio-daccessibilitat\/","og_site_name":"AMedical Service","twitter_card":"summary_large_image","twitter_misc":{"Est. reading time":"5 minutes"},"schema":{"@context":"https:\/\/schema.org","@graph":[{"@type":"WebPage","@id":"https:\/\/www.amedicalservice.es\/ca\/declaracio-daccessibilitat\/","url":"https:\/\/www.amedicalservice.es\/ca\/declaracio-daccessibilitat\/","name":"Declaraci\u00f3 d'accessibilitat - AMedical Service","isPartOf":{"@id":"https:\/\/www.amedicalservice.es\/#website"},"datePublished":"2023-12-11T14:20:23+00:00","dateModified":"2023-12-11T14:20:23+00:00","breadcrumb":{"@id":"https:\/\/www.amedicalservice.es\/ca\/declaracio-daccessibilitat\/#breadcrumb"},"inLanguage":"ca","potentialAction":[{"@type":"ReadAction","target":["https:\/\/www.amedicalservice.es\/ca\/declaracio-daccessibilitat\/"]}]},{"@type":"BreadcrumbList","@id":"https:\/\/www.amedicalservice.es\/ca\/declaracio-daccessibilitat\/#breadcrumb","itemListElement":[{"@type":"ListItem","position":1,"name":"Portada","item":"https:\/\/www.amedicalservice.es\/ca\/"},{"@type":"ListItem","position":2,"name":"Declaraci\u00f3 d&#8217;accessibilitat"}]},{"@type":"WebSite","@id":"https:\/\/www.amedicalservice.es\/#website","url":"https:\/\/www.amedicalservice.es\/","name":"AMedical Service","description":"Otro sitio realizado con WordPress","publisher":{"@id":"https:\/\/www.amedicalservice.es\/#organization"},"potentialAction":[{"@type":"SearchAction","target":{"@type":"EntryPoint","urlTemplate":"https:\/\/www.amedicalservice.es\/?s={search_term_string}"},"query-input":"required name=search_term_string"}],"inLanguage":"ca"},{"@type":"Organization","@id":"https:\/\/www.amedicalservice.es\/#organization","name":"AMedical Service","url":"https:\/\/www.amedicalservice.es\/","logo":{"@type":"ImageObject","inLanguage":"ca","@id":"https:\/\/www.amedicalservice.es\/#\/schema\/logo\/image\/","url":"https:\/\/hundreds-wordpress-uploads.s3.amazonaws.com\/amedical\/uploads\/2023\/10\/amedical_logo.png","contentUrl":"https:\/\/hundreds-wordpress-uploads.s3.amazonaws.com\/amedical\/uploads\/2023\/10\/amedical_logo.png","width":1280,"height":199,"caption":"AMedical Service"},"image":{"@id":"https:\/\/www.amedicalservice.es\/#\/schema\/logo\/image\/"},"sameAs":["https:\/\/www.instagram.com\/amedicalservice"]}]}},"_links":{"self":[{"href":"https:\/\/amedicalservice.es\/ca\/wp-json\/wp\/v2\/pages\/113"}],"collection":[{"href":"https:\/\/amedicalservice.es\/ca\/wp-json\/wp\/v2\/pages"}],"about":[{"href":"https:\/\/amedicalservice.es\/ca\/wp-json\/wp\/v2\/types\/page"}],"author":[{"embeddable":true,"href":"https:\/\/amedicalservice.es\/ca\/wp-json\/wp\/v2\/users\/1"}],"replies":[{"embeddable":true,"href":"https:\/\/amedicalservice.es\/ca\/wp-json\/wp\/v2\/comments?post=113"}],"version-history":[{"count":1,"href":"https:\/\/amedicalservice.es\/ca\/wp-json\/wp\/v2\/pages\/113\/revisions"}],"predecessor-version":[{"id":114,"href":"https:\/\/amedicalservice.es\/ca\/wp-json\/wp\/v2\/pages\/113\/revisions\/114"}],"wp:attachment":[{"href":"https:\/\/amedicalservice.es\/ca\/wp-json\/wp\/v2\/media?parent=113"}],"curies":[{"name":"wp","href":"https:\/\/api.w.org\/{rel}","templated":true}]}}